{"id":356,"date":"2016-08-08T13:55:22","date_gmt":"2016-08-08T13:55:22","guid":{"rendered":"http:\/\/climeteo.es\/clim4327\/?page_id=356"},"modified":"2016-09-27T17:37:10","modified_gmt":"2016-09-27T17:37:10","slug":"tiempo-libre","status":"publish","type":"page","link":"http:\/\/climeteo.es\/clim4327\/index.php\/tiempo-libre\/","title":{"rendered":"Tiempo libre"},"content":{"rendered":"<div id=\"pl-356\"  class=\"panel-layout\" ><div id=\"pg-356-0\"  class=\"panel-grid panel-has-style\" ><div class=\"siteorigin-panels-stretch panel-row-style panel-row-style-for-356-0\" data-stretch-type=\"full-stretched\" ><div id=\"pgc-356-0-0\"  class=\"panel-grid-cell\" ><div id=\"panel-356-0-0-0\" class=\"so-panel widget widget_black-studio-tinymce widget_black_studio_tinymce panel-first-child panel-last-child\" data-index=\"0\" ><div class=\"v-center panel-widget-style panel-widget-style-for-356-0-0-0\" ><div class=\"textwidget\"><p style=\"text-align: center;\"><strong><span style=\"color: #808080; font-family: tahoma, arial, helvetica, sans-serif; font-size: 21px;\"><strong>Previsi\u00f3n para actividades cultura, ocio y tiempo libre<\/strong><\/span><\/strong><\/p>\n<\/div><\/div><\/div><\/div><\/div><\/div><div id=\"pg-356-1\"  class=\"panel-grid panel-has-style\" ><div class=\"siteorigin-panels-stretch panel-row-style panel-row-style-for-356-1\" style=\"padding-left: 60px; padding-right: 60px; \" data-stretch-type=\"full\" ><div id=\"pgc-356-1-0\"  class=\"panel-grid-cell\" ><div id=\"panel-356-1-0-0\" class=\"so-panel widget widget_black-studio-tinymce widget_black_studio_tinymce panel-first-child panel-last-child\" data-index=\"1\" ><div class=\"v-center panel-widget-style panel-widget-style-for-356-1-0-0\" ><div class=\"textwidget\"><p><img class=\"aligncenter wp-image-476 size-full\" src=\"http:\/\/climeteo.es\/clim4327\/wp-content\/uploads\/2016\/08\/ocio-mosaico.jpg\" alt=\"ocio - mosaico\" width=\"800\" height=\"495\" \/><\/p>\n<\/div><\/div><\/div><\/div><div id=\"pgc-356-1-1\"  class=\"panel-grid-cell\" ><div id=\"panel-356-1-1-0\" class=\"so-panel widget widget_black-studio-tinymce widget_black_studio_tinymce panel-first-child panel-last-child\" data-index=\"2\" ><div class=\"v-center panel-widget-style panel-widget-style-for-356-1-1-0\" ><div class=\"textwidget\"><p align=\"justify\"><span style=\"font-family: tahoma, arial, helvetica, sans-serif; font-size: 18px;\">\u201cDado que muchas de estas acciones tienen lugar al aire libre, la meteorolog\u00eda juega un papel importante en el desarrollo de las mismas. Con el fin de evitar riesgos que repercutan en la realizaci\u00f3n de dichas actividades, CLIMETEO ofrece una previsi\u00f3n adaptada a las necesidades de cada una de ellas.\u201d<\/span><\/p>\n<\/div><\/div><\/div><\/div><\/div><\/div><div id=\"pg-356-2\"  class=\"panel-grid panel-has-style\" ><div class=\"siteorigin-panels-stretch panel-row-style panel-row-style-for-356-2\" data-stretch-type=\"full\" ><div id=\"pgc-356-2-0\"  class=\"panel-grid-cell panel-grid-cell-empty\" ><\/div><div id=\"pgc-356-2-1\"  class=\"panel-grid-cell panel-grid-cell-mobile-last\" ><div id=\"panel-356-2-1-0\" class=\"so-panel widget widget_black-studio-tinymce widget_black_studio_tinymce panel-first-child panel-last-child\" data-index=\"3\" ><div class=\"v-center panel-widget-style panel-widget-style-for-356-2-1-0\" ><div class=\"textwidget\"><p><a href=\"http:\/\/climeteo.es\/clim4327\/index.php\/eventos-deportivos\/\"><img class=\"wp-image-388\" src=\"http:\/\/climeteo.es\/clim4327\/wp-content\/uploads\/2016\/08\/punta-de-flecha-a-la-izquierda.png\" alt=\"punta-de-flecha-a-la-izquierda\" width=\"45\" height=\"45\" \/><\/a>\u00a0 \u00a0 \u00a0\u00a0<a href=\"http:\/\/climeteo.es\/clim4327\/index.php\/servicios\/\"><img class=\"wp-image-390\" src=\"http:\/\/climeteo.es\/clim4327\/wp-content\/uploads\/2016\/08\/cuadrados.png\" alt=\"cuadrados\" width=\"45\" height=\"45\" \/><\/a>\u00a0 \u00a0 \u00a0<a href=\"http:\/\/climeteo.es\/clim4327\/index.php\/empresas-energeticas\/\" data-wplink-edit=\"true\"><img class=\"alignnone wp-image-389\" src=\"http:\/\/climeteo.es\/clim4327\/wp-content\/uploads\/2016\/08\/punta-de-flecha-a-la-derecha.png\" alt=\"punta-de-flecha-a-la-derecha\" width=\"45\" height=\"45\" \/><\/a><\/p>\n<\/div><\/div><\/div><\/div><div id=\"pgc-356-2-2\"  class=\"panel-grid-cell panel-grid-cell-empty\" ><\/div><\/div><\/div><\/div>","protected":false},"excerpt":{"rendered":"<p>Previsi\u00f3n para actividades cultura, ocio y tiempo libre \u201cDado que muchas de estas acciones tienen lugar al aire libre, la meteorolog\u00eda juega un papel importante en el desarrollo de las mismas. Con el fin de evitar riesgos que repercutan en la realizaci\u00f3n de dichas actividades, CLIMETEO ofrece una previsi\u00f3n adaptada a las necesidades de cada &hellip; <a href=\"http:\/\/climeteo.es\/clim4327\/index.php\/tiempo-libre\/\" title=\"Tiempo libre\" class=\"read-more\">Read More<\/a><\/p>\n","protected":false},"author":1,"featured_media":0,"parent":0,"menu_order":0,"comment_status":"closed","ping_status":"closed","template":"","meta":[],"_links":{"self":[{"href":"http:\/\/climeteo.es\/clim4327\/index.php\/wp-json\/wp\/v2\/pages\/356"}],"collection":[{"href":"http:\/\/climeteo.es\/clim4327\/index.php\/wp-json\/wp\/v2\/pages"}],"about":[{"href":"http:\/\/climeteo.es\/clim4327\/index.php\/wp-json\/wp\/v2\/types\/page"}],"author":[{"embeddable":true,"href":"http:\/\/climeteo.es\/clim4327\/index.php\/wp-json\/wp\/v2\/users\/1"}],"replies":[{"embeddable":true,"href":"http:\/\/climeteo.es\/clim4327\/index.php\/wp-json\/wp\/v2\/comments?post=356"}],"version-history":[{"count":10,"href":"http:\/\/climeteo.es\/clim4327\/index.php\/wp-json\/wp\/v2\/pages\/356\/revisions"}],"predecessor-version":[{"id":520,"href":"http:\/\/climeteo.es\/clim4327\/index.php\/wp-json\/wp\/v2\/pages\/356\/revisions\/520"}],"wp:attachment":[{"href":"http:\/\/climeteo.es\/clim4327\/index.php\/wp-json\/wp\/v2\/media?parent=356"}],"curies":[{"name":"wp","href":"https:\/\/api.w.org\/{rel}","templated":true}]}}