{"id":352,"date":"2016-08-08T13:54:36","date_gmt":"2016-08-08T13:54:36","guid":{"rendered":"http:\/\/climeteo.es\/clim4327\/?page_id=352"},"modified":"2016-08-09T14:07:01","modified_gmt":"2016-08-09T14:07:01","slug":"peritaje-tecnico","status":"publish","type":"page","link":"http:\/\/climeteo.es\/clim4327\/index.php\/peritaje-tecnico\/","title":{"rendered":"Peritaje t\u00e9cnico"},"content":{"rendered":"<div id=\"pl-352\"  class=\"panel-layout\" ><div id=\"pg-352-0\"  class=\"panel-grid panel-has-style\" ><div class=\"siteorigin-panels-stretch panel-row-style panel-row-style-for-352-0\" data-stretch-type=\"full-stretched\" ><div id=\"pgc-352-0-0\"  class=\"panel-grid-cell\" ><div id=\"panel-352-0-0-0\" class=\"so-panel widget widget_black-studio-tinymce widget_black_studio_tinymce panel-first-child panel-last-child\" data-index=\"0\" ><div class=\"v-center panel-widget-style panel-widget-style-for-352-0-0-0\" ><div class=\"textwidget\"><p style=\"text-align: center;\"><strong><span style=\"color: #808080; font-family: tahoma, arial, helvetica, sans-serif; font-size: 21px;\"><strong>Peritaje t\u00e9cnico meteorol\u00f3gico<\/strong><\/span><\/strong><\/p>\n<\/div><\/div><\/div><\/div><\/div><\/div><div id=\"pg-352-1\"  class=\"panel-grid panel-has-style\" ><div class=\"siteorigin-panels-stretch panel-row-style panel-row-style-for-352-1\" style=\"padding-left: 60px; padding-right: 60px; \" data-stretch-type=\"full\" ><div id=\"pgc-352-1-0\"  class=\"panel-grid-cell\" ><div id=\"panel-352-1-0-0\" class=\"so-panel widget widget_black-studio-tinymce widget_black_studio_tinymce panel-first-child panel-last-child\" data-index=\"1\" ><div class=\"v-center panel-widget-style panel-widget-style-for-352-1-0-0\" ><div class=\"textwidget\"><p><img class=\"aligncenter wp-image-466 size-full\" src=\"http:\/\/climeteo.es\/clim4327\/wp-content\/uploads\/2016\/08\/peritaje-1.jpg\" alt=\"peritaje\" width=\"800\" height=\"485\" \/><\/p>\n<\/div><\/div><\/div><\/div><div id=\"pgc-352-1-1\"  class=\"panel-grid-cell\" ><div id=\"panel-352-1-1-0\" class=\"so-panel widget widget_black-studio-tinymce widget_black_studio_tinymce panel-first-child panel-last-child\" data-index=\"2\" ><div class=\"v-center panel-widget-style panel-widget-style-for-352-1-1-0\" ><div class=\"textwidget\"><p align=\"justify\"><span style=\"font-family: tahoma, arial, helvetica, sans-serif; font-size: 18px;\">\u201cElaboraci\u00f3n de informes t\u00e9cnicos espec\u00edficos para cualquier incidente relacionado con la meteorolog\u00eda, en cualquier sector productivo. Proporcionando una visi\u00f3n t\u00e9cnica experta que permita resolver los entresijos de todo tipo de episodios.\u201d<\/span><\/p>\n<\/div><\/div><\/div><\/div><\/div><\/div><div id=\"pg-352-2\"  class=\"panel-grid panel-has-style\" ><div class=\"siteorigin-panels-stretch panel-row-style panel-row-style-for-352-2\" data-stretch-type=\"full\" ><div id=\"pgc-352-2-0\"  class=\"panel-grid-cell panel-grid-cell-empty\" ><\/div><div id=\"pgc-352-2-1\"  class=\"panel-grid-cell panel-grid-cell-mobile-last\" ><div id=\"panel-352-2-1-0\" class=\"so-panel widget widget_black-studio-tinymce widget_black_studio_tinymce panel-first-child panel-last-child\" data-index=\"3\" ><div class=\"v-center panel-widget-style panel-widget-style-for-352-2-1-0\" ><div class=\"textwidget\"><p><a href=\"http:\/\/climeteo.es\/clim4327\/index.php\/situaciones-extremas\/\"><img class=\"wp-image-388\" src=\"http:\/\/climeteo.es\/clim4327\/wp-content\/uploads\/2016\/08\/punta-de-flecha-a-la-izquierda.png\" alt=\"punta-de-flecha-a-la-izquierda\" width=\"45\" height=\"45\" \/><\/a>\u00a0 \u00a0 \u00a0\u00a0<a href=\"http:\/\/climeteo.es\/clim4327\/index.php\/servicios\/\"><img class=\"wp-image-390\" src=\"http:\/\/climeteo.es\/clim4327\/wp-content\/uploads\/2016\/08\/cuadrados.png\" alt=\"cuadrados\" width=\"45\" height=\"45\" \/><\/a>\u00a0 \u00a0 \u00a0<a href=\"http:\/\/climeteo.es\/clim4327\/index.php\/eventos-deportivos\/\"><img class=\"alignnone wp-image-389\" src=\"http:\/\/climeteo.es\/clim4327\/wp-content\/uploads\/2016\/08\/punta-de-flecha-a-la-derecha.png\" alt=\"punta-de-flecha-a-la-derecha\" width=\"45\" height=\"45\" \/><\/a><\/p>\n<\/div><\/div><\/div><\/div><div id=\"pgc-352-2-2\"  class=\"panel-grid-cell panel-grid-cell-empty\" ><\/div><\/div><\/div><\/div>","protected":false},"excerpt":{"rendered":"<p>Peritaje t\u00e9cnico meteorol\u00f3gico \u201cElaboraci\u00f3n de informes t\u00e9cnicos espec\u00edficos para cualquier incidente relacionado con la meteorolog\u00eda, en cualquier sector productivo. Proporcionando una visi\u00f3n t\u00e9cnica experta que permita resolver los entresijos de todo tipo de episodios.\u201d<\/p>\n","protected":false},"author":1,"featured_media":0,"parent":0,"menu_order":0,"comment_status":"closed","ping_status":"closed","template":"","meta":[],"_links":{"self":[{"href":"http:\/\/climeteo.es\/clim4327\/index.php\/wp-json\/wp\/v2\/pages\/352"}],"collection":[{"href":"http:\/\/climeteo.es\/clim4327\/index.php\/wp-json\/wp\/v2\/pages"}],"about":[{"href":"http:\/\/climeteo.es\/clim4327\/index.php\/wp-json\/wp\/v2\/types\/page"}],"author":[{"embeddable":true,"href":"http:\/\/climeteo.es\/clim4327\/index.php\/wp-json\/wp\/v2\/users\/1"}],"replies":[{"embeddable":true,"href":"http:\/\/climeteo.es\/clim4327\/index.php\/wp-json\/wp\/v2\/comments?post=352"}],"version-history":[{"count":6,"href":"http:\/\/climeteo.es\/clim4327\/index.php\/wp-json\/wp\/v2\/pages\/352\/revisions"}],"predecessor-version":[{"id":468,"href":"http:\/\/climeteo.es\/clim4327\/index.php\/wp-json\/wp\/v2\/pages\/352\/revisions\/468"}],"wp:attachment":[{"href":"http:\/\/climeteo.es\/clim4327\/index.php\/wp-json\/wp\/v2\/media?parent=352"}],"curies":[{"name":"wp","href":"https:\/\/api.w.org\/{rel}","templated":true}]}}