{"id":340,"date":"2016-08-08T13:49:02","date_gmt":"2016-08-08T13:49:02","guid":{"rendered":"http:\/\/climeteo.es\/clim4327\/?page_id=340"},"modified":"2016-09-27T17:41:06","modified_gmt":"2016-09-27T17:41:06","slug":"eficacia-agraria","status":"publish","type":"page","link":"http:\/\/climeteo.es\/clim4327\/index.php\/eficacia-agraria\/","title":{"rendered":"Eficacia agraria"},"content":{"rendered":"<div id=\"pl-340\"  class=\"panel-layout\" ><div id=\"pg-340-0\"  class=\"panel-grid panel-has-style\" ><div class=\"siteorigin-panels-stretch panel-row-style panel-row-style-for-340-0\" data-stretch-type=\"full-stretched\" ><div id=\"pgc-340-0-0\"  class=\"panel-grid-cell\" ><div id=\"panel-340-0-0-0\" class=\"so-panel widget widget_black-studio-tinymce widget_black_studio_tinymce panel-first-child panel-last-child\" data-index=\"0\" ><div class=\"v-center panel-widget-style panel-widget-style-for-340-0-0-0\" ><div class=\"textwidget\"><p style=\"text-align: center;\"><strong><span style=\"color: #808080; font-family: tahoma, arial, helvetica, sans-serif; font-size: 21px;\">Asesoramiento en eficiencia agr\u00edcola y para aseguradoras agrari<strong>as<\/strong><\/span><\/strong><\/p>\n<\/div><\/div><\/div><\/div><\/div><\/div><div id=\"pg-340-1\"  class=\"panel-grid panel-has-style\" ><div class=\"siteorigin-panels-stretch panel-row-style panel-row-style-for-340-1\" style=\"padding-left: 60px; padding-right: 60px; \" data-stretch-type=\"full\" ><div id=\"pgc-340-1-0\"  class=\"panel-grid-cell\" ><div id=\"panel-340-1-0-0\" class=\"so-panel widget widget_black-studio-tinymce widget_black_studio_tinymce panel-first-child panel-last-child\" data-index=\"1\" ><div class=\"v-center panel-widget-style panel-widget-style-for-340-1-0-0\" ><div class=\"textwidget\"><p><img class=\"aligncenter wp-image-447 size-full\" src=\"http:\/\/climeteo.es\/clim4327\/wp-content\/uploads\/2016\/08\/agricultura-mosaico.jpg\" alt=\"agricultura mosaico\" width=\"800\" height=\"1057\" \/><\/p>\n<\/div><\/div><\/div><\/div><div id=\"pgc-340-1-1\"  class=\"panel-grid-cell\" ><div id=\"panel-340-1-1-0\" class=\"so-panel widget widget_black-studio-tinymce widget_black_studio_tinymce panel-first-child panel-last-child\" data-index=\"2\" ><div class=\"v-center panel-widget-style panel-widget-style-for-340-1-1-0\" ><div class=\"textwidget\"><p><span style=\"font-family: tahoma, arial, helvetica, sans-serif; font-size: 18px; color: #808080;\">\u201cDentro de uno de los sectores antropom\u00f3rficos m\u00e1s importantes, como es el sector primario, encontramos una actividad como es la agricultura, altamente susceptible a las condiciones del medio en el que se ubica el cultivo o explotaci\u00f3n. Dadas las especiales caracter\u00edsticas y circunstancias de la actividad agraria, existe una serie de entidades p\u00fablicas y privadas que trabajan con el fin de garantizar la estabilidad econ\u00f3mica de los agricultores a trav\u00e9s de los seguros agrarios.<\/span><\/p>\n<p align=\"justify\"><span style=\"font-family: tahoma, arial, helvetica, sans-serif; font-size: 18px; color: #808080;\">Desde la siembra o el trasplante hasta la recogida de la cosecha, transcurre un ciclo en el que la meteorolog\u00eda ejerce una influencia decisiva en la rentabilidad final del agricultor y aquellas entidades que aseguran dichos cultivos. CLIMETEO ofrece una serie de servicios destinados para este sector, con los que poder planificar, minimizar costes y prever aquellos eventos atmosf\u00e9ricos que puedan ocasionar alteraciones en el desarrollo y producci\u00f3n normal de los ciclos productivos de las diferentes actividades agropecuarias.\u201d<\/span><\/p>\n<\/div><\/div><\/div><\/div><\/div><\/div><div id=\"pg-340-2\"  class=\"panel-grid panel-has-style\" ><div class=\"siteorigin-panels-stretch panel-row-style panel-row-style-for-340-2\" data-stretch-type=\"full\" ><div id=\"pgc-340-2-0\"  class=\"panel-grid-cell panel-grid-cell-empty\" ><\/div><div id=\"pgc-340-2-1\"  class=\"panel-grid-cell panel-grid-cell-mobile-last\" ><div id=\"panel-340-2-1-0\" class=\"so-panel widget widget_black-studio-tinymce widget_black_studio_tinymce panel-first-child panel-last-child\" data-index=\"3\" ><div class=\"v-center panel-widget-style panel-widget-style-for-340-2-1-0\" ><div class=\"textwidget\"><p><a href=\"http:\/\/climeteo.es\/clim4327\/index.php\/industrias-contaminantes\/\"><img class=\"wp-image-388\" src=\"http:\/\/climeteo.es\/clim4327\/wp-content\/uploads\/2016\/08\/punta-de-flecha-a-la-izquierda.png\" alt=\"punta-de-flecha-a-la-izquierda\" width=\"45\" height=\"45\" \/><\/a>\u00a0 \u00a0 \u00a0\u00a0<a href=\"http:\/\/climeteo.es\/clim4327\/index.php\/servicios\/\"><img class=\"wp-image-390\" src=\"http:\/\/climeteo.es\/clim4327\/wp-content\/uploads\/2016\/08\/cuadrados.png\" alt=\"cuadrados\" width=\"45\" height=\"45\" \/><\/a>\u00a0 \u00a0 \u00a0<a href=\"http:\/\/climeteo.es\/clim4327\/index.php\/precision-montana\/\"><img class=\"alignnone wp-image-389\" src=\"http:\/\/climeteo.es\/clim4327\/wp-content\/uploads\/2016\/08\/punta-de-flecha-a-la-derecha.png\" alt=\"punta-de-flecha-a-la-derecha\" width=\"45\" height=\"45\" \/><\/a><\/p>\n<\/div><\/div><\/div><\/div><div id=\"pgc-340-2-2\"  class=\"panel-grid-cell panel-grid-cell-empty\" ><\/div><\/div><\/div><\/div>","protected":false},"excerpt":{"rendered":"<p>Asesoramiento en eficiencia agr\u00edcola y para aseguradoras agrarias \u201cDentro de uno de los sectores antropom\u00f3rficos m\u00e1s importantes, como es el sector primario, encontramos una actividad como es la agricultura, altamente susceptible a las condiciones del medio en el que se ubica el cultivo o explotaci\u00f3n. Dadas las especiales caracter\u00edsticas y circunstancias de la actividad agraria, &hellip; <a href=\"http:\/\/climeteo.es\/clim4327\/index.php\/eficacia-agraria\/\" title=\"Eficacia agraria\" class=\"read-more\">Read More<\/a><\/p>\n","protected":false},"author":1,"featured_media":0,"parent":0,"menu_order":0,"comment_status":"closed","ping_status":"closed","template":"","meta":[],"_links":{"self":[{"href":"http:\/\/climeteo.es\/clim4327\/index.php\/wp-json\/wp\/v2\/pages\/340"}],"collection":[{"href":"http:\/\/climeteo.es\/clim4327\/index.php\/wp-json\/wp\/v2\/pages"}],"about":[{"href":"http:\/\/climeteo.es\/clim4327\/index.php\/wp-json\/wp\/v2\/types\/page"}],"author":[{"embeddable":true,"href":"http:\/\/climeteo.es\/clim4327\/index.php\/wp-json\/wp\/v2\/users\/1"}],"replies":[{"embeddable":true,"href":"http:\/\/climeteo.es\/clim4327\/index.php\/wp-json\/wp\/v2\/comments?post=340"}],"version-history":[{"count":9,"href":"http:\/\/climeteo.es\/clim4327\/index.php\/wp-json\/wp\/v2\/pages\/340\/revisions"}],"predecessor-version":[{"id":523,"href":"http:\/\/climeteo.es\/clim4327\/index.php\/wp-json\/wp\/v2\/pages\/340\/revisions\/523"}],"wp:attachment":[{"href":"http:\/\/climeteo.es\/clim4327\/index.php\/wp-json\/wp\/v2\/media?parent=340"}],"curies":[{"name":"wp","href":"https:\/\/api.w.org\/{rel}","templated":true}]}}