{"id":338,"date":"2016-08-08T13:48:39","date_gmt":"2016-08-08T13:48:39","guid":{"rendered":"http:\/\/climeteo.es\/clim4327\/?page_id=338"},"modified":"2016-08-09T13:14:41","modified_gmt":"2016-08-09T13:14:41","slug":"industrias-contaminantes","status":"publish","type":"page","link":"http:\/\/climeteo.es\/clim4327\/index.php\/industrias-contaminantes\/","title":{"rendered":"Industrias contaminantes"},"content":{"rendered":"<div id=\"pl-338\"  class=\"panel-layout\" ><div id=\"pg-338-0\"  class=\"panel-grid panel-has-style\" ><div class=\"siteorigin-panels-stretch panel-row-style panel-row-style-for-338-0\" data-stretch-type=\"full-stretched\" ><div id=\"pgc-338-0-0\"  class=\"panel-grid-cell\" ><div id=\"panel-338-0-0-0\" class=\"so-panel widget widget_black-studio-tinymce widget_black_studio_tinymce panel-first-child panel-last-child\" data-index=\"0\" ><div class=\"v-center panel-widget-style panel-widget-style-for-338-0-0-0\" ><div class=\"textwidget\"><p style=\"text-align: center;\"><strong><span style=\"color: #808080; font-family: tahoma, arial, helvetica, sans-serif; font-size: 21px;\">Asesoramiento en calidad del aire para n\u00facleos urbanos e industrias contaminant<strong>es<\/strong><\/span><\/strong><\/p>\n<\/div><\/div><\/div><\/div><\/div><\/div><div id=\"pg-338-1\"  class=\"panel-grid panel-has-style\" ><div class=\"siteorigin-panels-stretch panel-row-style panel-row-style-for-338-1\" style=\"padding-left: 60px; padding-right: 60px; \" data-stretch-type=\"full\" ><div id=\"pgc-338-1-0\"  class=\"panel-grid-cell\" ><div id=\"panel-338-1-0-0\" class=\"so-panel widget widget_black-studio-tinymce widget_black_studio_tinymce panel-first-child panel-last-child\" data-index=\"1\" ><div class=\"v-center panel-widget-style panel-widget-style-for-338-1-0-0\" ><div class=\"textwidget\"><p><img class=\"wp-image-422 size-full aligncenter\" src=\"http:\/\/climeteo.es\/clim4327\/wp-content\/uploads\/2016\/08\/dispersion-contaminantes-2.jpg\" alt=\"dispersion contaminantes 2\" width=\"800\" height=\"600\" \/><\/p>\n<\/div><\/div><\/div><\/div><div id=\"pgc-338-1-1\"  class=\"panel-grid-cell\" ><div id=\"panel-338-1-1-0\" class=\"so-panel widget widget_black-studio-tinymce widget_black_studio_tinymce panel-first-child panel-last-child\" data-index=\"2\" ><div class=\"v-center panel-widget-style panel-widget-style-for-338-1-1-0\" ><div class=\"textwidget\"><p style=\"text-align: left;\"><span style=\"font-family: tahoma, arial, helvetica, sans-serif; color: #808080; font-size: 18px;\">\u201cLa contaminaci\u00f3n atmosf\u00e9rica o contaminaci\u00f3n del aire, es la introducci\u00f3n de part\u00edculas, materiales o productos nocivos en la atm\u00f3sfera de la Tierra. Este suceso modifica las caracter\u00edsticas naturales del aire, teniendo un impacto negativo en el medio y los seres vivos. El ejemplo m\u00e1s visible y evidente de contaminaci\u00f3n atmosf\u00e9rica es el \u201cesmog\u201d, que cubre la gran mayor\u00eda de las ciudades industrializadas, con el fin de minimizar este impacto sobre el medio que rodea a la actividad industrial, ofrecemos un servicio basado en un modelo de dispersi\u00f3n de contaminantes.\u00ad\u00ad\u00ad\u00ad\u201d<\/span><\/p>\n<\/div><\/div><\/div><\/div><\/div><\/div><div id=\"pg-338-2\"  class=\"panel-grid panel-has-style\" ><div class=\"siteorigin-panels-stretch panel-row-style panel-row-style-for-338-2\" data-stretch-type=\"full\" ><div id=\"pgc-338-2-0\"  class=\"panel-grid-cell panel-grid-cell-empty\" ><\/div><div id=\"pgc-338-2-1\"  class=\"panel-grid-cell panel-grid-cell-mobile-last\" ><div id=\"panel-338-2-1-0\" class=\"so-panel widget widget_black-studio-tinymce widget_black_studio_tinymce panel-first-child panel-last-child\" data-index=\"3\" ><div class=\"v-center panel-widget-style panel-widget-style-for-338-2-1-0\" ><div class=\"textwidget\"><p><a href=\"http:\/\/climeteo.es\/clim4327\/index.php\/empresas-energeticas\/\"><img class=\"wp-image-388\" src=\"http:\/\/climeteo.es\/clim4327\/wp-content\/uploads\/2016\/08\/punta-de-flecha-a-la-izquierda.png\" alt=\"punta-de-flecha-a-la-izquierda\" width=\"45\" height=\"45\" \/><\/a>\u00a0 \u00a0 \u00a0\u00a0<a href=\"http:\/\/climeteo.es\/clim4327\/index.php\/servicios\/\"><img class=\"wp-image-390\" src=\"http:\/\/climeteo.es\/clim4327\/wp-content\/uploads\/2016\/08\/cuadrados.png\" alt=\"cuadrados\" width=\"45\" height=\"45\" \/><\/a>\u00a0 \u00a0 \u00a0<a href=\"http:\/\/climeteo.es\/clim4327\/index.php\/eficacia-agraria\/\"><img class=\"alignnone wp-image-389\" src=\"http:\/\/climeteo.es\/clim4327\/wp-content\/uploads\/2016\/08\/punta-de-flecha-a-la-derecha.png\" alt=\"punta-de-flecha-a-la-derecha\" width=\"45\" height=\"45\" \/><\/a><\/p>\n<\/div><\/div><\/div><\/div><div id=\"pgc-338-2-2\"  class=\"panel-grid-cell panel-grid-cell-empty\" ><\/div><\/div><\/div><\/div>","protected":false},"excerpt":{"rendered":"<p>Asesoramiento en calidad del aire para n\u00facleos urbanos e industrias contaminantes \u201cLa contaminaci\u00f3n atmosf\u00e9rica o contaminaci\u00f3n del aire, es la introducci\u00f3n de part\u00edculas, materiales o productos nocivos en la atm\u00f3sfera de la Tierra. Este suceso modifica las caracter\u00edsticas naturales del aire, teniendo un impacto negativo en el medio y los seres vivos. El ejemplo m\u00e1s &hellip; <a href=\"http:\/\/climeteo.es\/clim4327\/index.php\/industrias-contaminantes\/\" title=\"Industrias contaminantes\" class=\"read-more\">Read More<\/a><\/p>\n","protected":false},"author":1,"featured_media":0,"parent":0,"menu_order":0,"comment_status":"closed","ping_status":"closed","template":"","meta":[],"_links":{"self":[{"href":"http:\/\/climeteo.es\/clim4327\/index.php\/wp-json\/wp\/v2\/pages\/338"}],"collection":[{"href":"http:\/\/climeteo.es\/clim4327\/index.php\/wp-json\/wp\/v2\/pages"}],"about":[{"href":"http:\/\/climeteo.es\/clim4327\/index.php\/wp-json\/wp\/v2\/types\/page"}],"author":[{"embeddable":true,"href":"http:\/\/climeteo.es\/clim4327\/index.php\/wp-json\/wp\/v2\/users\/1"}],"replies":[{"embeddable":true,"href":"http:\/\/climeteo.es\/clim4327\/index.php\/wp-json\/wp\/v2\/comments?post=338"}],"version-history":[{"count":6,"href":"http:\/\/climeteo.es\/clim4327\/index.php\/wp-json\/wp\/v2\/pages\/338\/revisions"}],"predecessor-version":[{"id":430,"href":"http:\/\/climeteo.es\/clim4327\/index.php\/wp-json\/wp\/v2\/pages\/338\/revisions\/430"}],"wp:attachment":[{"href":"http:\/\/climeteo.es\/clim4327\/index.php\/wp-json\/wp\/v2\/media?parent=338"}],"curies":[{"name":"wp","href":"https:\/\/api.w.org\/{rel}","templated":true}]}}