{"id":336,"date":"2016-08-08T13:48:02","date_gmt":"2016-08-08T13:48:02","guid":{"rendered":"http:\/\/climeteo.es\/clim4327\/?page_id=336"},"modified":"2016-08-09T13:15:47","modified_gmt":"2016-08-09T13:15:47","slug":"empresas-energeticas","status":"publish","type":"page","link":"http:\/\/climeteo.es\/clim4327\/index.php\/empresas-energeticas\/","title":{"rendered":"Empresas energ\u00e9ticas"},"content":{"rendered":"<div id=\"pl-336\"  class=\"panel-layout\" ><div id=\"pg-336-0\"  class=\"panel-grid panel-has-style\" ><div class=\"siteorigin-panels-stretch panel-row-style panel-row-style-for-336-0\" data-stretch-type=\"full-stretched\" ><div id=\"pgc-336-0-0\"  class=\"panel-grid-cell\" ><div id=\"panel-336-0-0-0\" class=\"so-panel widget widget_black-studio-tinymce widget_black_studio_tinymce panel-first-child panel-last-child\" data-index=\"0\" ><div class=\"v-center panel-widget-style panel-widget-style-for-336-0-0-0\" ><div class=\"textwidget\"><p style=\"text-align: center;\"><strong><span style=\"color: #808080; font-family: tahoma, arial, helvetica, sans-serif; font-size: 21px;\">Eficiencia y asesoramiento para empresas energ\u00e9ticas y energ\u00edas renovables<\/span><\/strong><\/p>\n<\/div><\/div><\/div><\/div><\/div><\/div><div id=\"pg-336-1\"  class=\"panel-grid panel-has-style\" ><div class=\"siteorigin-panels-stretch panel-row-style panel-row-style-for-336-1\" style=\"padding-left: 60px; padding-right: 60px; \" data-stretch-type=\"full\" ><div id=\"pgc-336-1-0\"  class=\"panel-grid-cell\" ><div id=\"panel-336-1-0-0\" class=\"so-panel widget widget_black-studio-tinymce widget_black_studio_tinymce panel-first-child panel-last-child\" data-index=\"1\" ><div class=\"v-center panel-widget-style panel-widget-style-for-336-1-0-0\" ><div class=\"textwidget\"><p><img class=\"wp-image-416 size-full aligncenter\" src=\"http:\/\/climeteo.es\/clim4327\/wp-content\/uploads\/2016\/08\/Energia-2.jpg\" alt=\"Energia 2\" width=\"800\" height=\"600\" \/><\/p>\n<\/div><\/div><\/div><\/div><div id=\"pgc-336-1-1\"  class=\"panel-grid-cell\" ><div id=\"panel-336-1-1-0\" class=\"so-panel widget widget_black-studio-tinymce widget_black_studio_tinymce panel-first-child panel-last-child\" data-index=\"2\" ><div class=\"v-center panel-widget-style panel-widget-style-for-336-1-1-0\" ><div class=\"textwidget\"><p style=\"text-align: left;\"><span style=\"font-family: tahoma, arial, helvetica, sans-serif; color: #808080; font-size: 18px;\">\u201cDesde la producci\u00f3n de la energ\u00eda a su distribuci\u00f3n cada vez m\u00e1s inmersa en una actividad de tipo trading, as\u00ed como la producci\u00f3n de energ\u00edas renovables, van ligadas directamente a las condiciones del medio que les rodea, siendo la meteorolog\u00eda una de las m\u00e1s decisivas.<\/span><\/p>\n<p style=\"text-align: left;\" align=\"justify\"><span style=\"font-family: tahoma, arial, helvetica, sans-serif; color: #808080; font-size: 18px;\">Ofrecemos una serie de servicios destinados para este sector, con el fin de ayudar a su empresa a la hora de decidir la mejor estrategia a seguir, aumentando de esta forma la rentabilidad de las instalaciones, la eficiencia en la gesti\u00f3n del mantenimiento de las mismas y minimizando los costes de desv\u00edo.\u201d<\/span><\/p>\n<\/div><\/div><\/div><\/div><\/div><\/div><div id=\"pg-336-2\"  class=\"panel-grid panel-has-style\" ><div class=\"siteorigin-panels-stretch panel-row-style panel-row-style-for-336-2\" data-stretch-type=\"full\" ><div id=\"pgc-336-2-0\"  class=\"panel-grid-cell panel-grid-cell-empty\" ><\/div><div id=\"pgc-336-2-1\"  class=\"panel-grid-cell panel-grid-cell-mobile-last\" ><div id=\"panel-336-2-1-0\" class=\"so-panel widget widget_black-studio-tinymce widget_black_studio_tinymce panel-first-child panel-last-child\" data-index=\"3\" ><div class=\"v-center panel-widget-style panel-widget-style-for-336-2-1-0\" ><div class=\"textwidget\"><p><a href=\"http:\/\/climeteo.es\/clim4327\/index.php\/tiempo-libre\/\"><img class=\"wp-image-388\" src=\"http:\/\/climeteo.es\/clim4327\/wp-content\/uploads\/2016\/08\/punta-de-flecha-a-la-izquierda.png\" alt=\"punta-de-flecha-a-la-izquierda\" width=\"45\" height=\"45\" \/><\/a>\u00a0 \u00a0 \u00a0\u00a0<a href=\"http:\/\/climeteo.es\/clim4327\/index.php\/servicios\/\"><img class=\"wp-image-390\" src=\"http:\/\/climeteo.es\/clim4327\/wp-content\/uploads\/2016\/08\/cuadrados.png\" alt=\"cuadrados\" width=\"45\" height=\"45\" \/><\/a>\u00a0 \u00a0 \u00a0<a href=\"http:\/\/climeteo.es\/clim4327\/index.php\/industrias-contaminantes\/\"><img class=\"alignnone wp-image-389\" src=\"http:\/\/climeteo.es\/clim4327\/wp-content\/uploads\/2016\/08\/punta-de-flecha-a-la-derecha.png\" alt=\"punta-de-flecha-a-la-derecha\" width=\"45\" height=\"45\" \/><\/a><\/p>\n<\/div><\/div><\/div><\/div><div id=\"pgc-336-2-2\"  class=\"panel-grid-cell panel-grid-cell-empty\" ><\/div><\/div><\/div><\/div>","protected":false},"excerpt":{"rendered":"<p>Eficiencia y asesoramiento para empresas energ\u00e9ticas y energ\u00edas renovables \u201cDesde la producci\u00f3n de la energ\u00eda a su distribuci\u00f3n cada vez m\u00e1s inmersa en una actividad de tipo trading, as\u00ed como la producci\u00f3n de energ\u00edas renovables, van ligadas directamente a las condiciones del medio que les rodea, siendo la meteorolog\u00eda una de las m\u00e1s decisivas.Ofrecemos una &hellip; <a href=\"http:\/\/climeteo.es\/clim4327\/index.php\/empresas-energeticas\/\" title=\"Empresas energ\u00e9ticas\" class=\"read-more\">Read More<\/a><\/p>\n","protected":false},"author":1,"featured_media":0,"parent":0,"menu_order":0,"comment_status":"closed","ping_status":"closed","template":"","meta":[],"_links":{"self":[{"href":"http:\/\/climeteo.es\/clim4327\/index.php\/wp-json\/wp\/v2\/pages\/336"}],"collection":[{"href":"http:\/\/climeteo.es\/clim4327\/index.php\/wp-json\/wp\/v2\/pages"}],"about":[{"href":"http:\/\/climeteo.es\/clim4327\/index.php\/wp-json\/wp\/v2\/types\/page"}],"author":[{"embeddable":true,"href":"http:\/\/climeteo.es\/clim4327\/index.php\/wp-json\/wp\/v2\/users\/1"}],"replies":[{"embeddable":true,"href":"http:\/\/climeteo.es\/clim4327\/index.php\/wp-json\/wp\/v2\/comments?post=336"}],"version-history":[{"count":54,"href":"http:\/\/climeteo.es\/clim4327\/index.php\/wp-json\/wp\/v2\/pages\/336\/revisions"}],"predecessor-version":[{"id":429,"href":"http:\/\/climeteo.es\/clim4327\/index.php\/wp-json\/wp\/v2\/pages\/336\/revisions\/429"}],"wp:attachment":[{"href":"http:\/\/climeteo.es\/clim4327\/index.php\/wp-json\/wp\/v2\/media?parent=336"}],"curies":[{"name":"wp","href":"https:\/\/api.w.org\/{rel}","templated":true}]}}