{"id":328,"date":"2016-08-08T12:50:49","date_gmt":"2016-08-08T12:50:49","guid":{"rendered":"http:\/\/climeteo.es\/clim4327\/?page_id=328"},"modified":"2016-08-08T15:17:31","modified_gmt":"2016-08-08T15:17:31","slug":"servicios","status":"publish","type":"page","link":"http:\/\/climeteo.es\/clim4327\/index.php\/servicios\/","title":{"rendered":"SERVICIOS"},"content":{"rendered":"<div id=\"pl-328\"  class=\"panel-layout\" ><div id=\"pg-328-0\"  class=\"panel-grid panel-no-style\" ><div id=\"pgc-328-0-0\"  class=\"panel-grid-cell\" ><div id=\"panel-328-0-0-0\" class=\"so-panel widget widget_sow-editor panel-first-child panel-last-child\" data-index=\"0\" ><div\n\t\t\t\n\t\t\tclass=\"so-widget-sow-editor so-widget-sow-editor-base\"\n\t\t\t\n\t\t>\n<div class=\"siteorigin-widget-tinymce textwidget\">\n\t<div id=\"grid-gallery-2-26876\" data-gg-id=\"2\" data-title=\"Servicios\" data-grid-type=\"0\" data-offset=\"30.3\" data-area-position=\"center\" data-icons=\"false\" data-preloader=\"true\" data-width=\"350\" data-height=\"275\" data-padding=\"0\" data-quicksand=\"disabled\" data-quicksand-duration=\"none\" data-popup-theme=\"theme_6\" data-popup-type=\"pretty-photo\" data-popup-image-text=\"title\" data-popup-widthsize=\"auto\" data-popup-heightsize=\"auto\" data-popup-i18n-words=\"{&quot;close&quot;:&quot;cerrar&quot;,&quot;next&quot;:&quot;siguiente&quot;,&quot;previous&quot;:&quot;anterior&quot;,&quot;start_slideshow&quot;:&quot;comenzar reproducci\\u00f3n&quot;,&quot;stop_slideshow&quot;:&quot;detener reproducci\\u00f3n&quot;,&quot;image&quot;:&quot;imagen&quot;,&quot;of&quot;:&quot;de&quot;,&quot;prev&quot;:&quot;ant&quot;,&quot;cExpand&quot;:&quot;Ampliar&quot;,&quot;cPrevious&quot;:&quot;Anterior&quot;,&quot;cNext&quot;:&quot;Siguiente&quot;,&quot;cExpandStr&quot;:&quot;Expandir la imagen&quot;,&quot;cRotate&quot;:&quot;Gire&quot;,&quot;cDetails&quot;:&quot;Details&quot;}\" data-popup-slideshow=\"false\" data-popup-slideshow-speed=\"2500\" data-popup-hoverstop=\"false\" data-popup-slideshow-auto=\"false\" data-popup-background=\"\" data-popup-transparency=\"30\" data-popup-disable-history=\"\" data-popup-disable-changed-url=\"\" data-popup-border-type=\"\" data-popup-border-color=\"\" data-popup-border-width=\"\" data-popup-border-enable=\"\" data-fullscreen=\"false\" data-hide-tooltip=\"false\" data-caption-font-family=\"Default\" data-caption-text-size=\"18px\" data-is-mobile=\"0\" data-caption-mobile=\"true\" data-hide-long-tltp-title=\"0\" data-caption-disabled-on-mobile=\"false\" data-popup-placement-type=\"0\" data-social-sharing=\"{&quot;enabled&quot;:&quot;&quot;,&quot;gallerySharing&quot;:{&quot;enabled&quot;:null,&quot;position&quot;:null},&quot;imageSharing&quot;:{&quot;enabled&quot;:null,&quot;wrapperClass&quot;:&quot; vertical \\n &quot;},&quot;popupSharing&quot;:{&quot;enabled&quot;:null,&quot;wrapperClass&quot;:&quot; vertical \\n &quot;}}\" class=\"grid-gallery grid-gallery-fixed \" style=\" width:100%; height:auto ; margin-left:auto; margin-right:auto; position:relative;\" > <div class=\"gallery-loading\"> <div class=\"blocks\"> <div class=\"block\"><\/div> <div class=\"block\"><\/div> <div class=\"block\"><\/div> <div class=\"block\"><\/div> <\/div> <\/div> <div class=\"gallery-sharing-top\"><\/div> <div id=\"photos-2\" class=\"grid-gallery-photos \" > <a id=\"gg-2-33\" class=\"gg-link \" data-attachment-id=\"190\" href=\"http:\/\/climeteo.es\/clim4327\/index.php\/empresas-energeticas\/\" target=\"_self\" title=\"Energia 2\" rel=\"\" data-type=\"link\" style=\"border-radius: 0px;\" ><FIGURE class=\"grid-gallery-caption \" data-grid-gallery-type=\"cover-fade\" data-index=\"0\" style=\"display:none;border-radius: 0px; ; margin: 30.3px; width:350px;\" ><div class=\"crop \" style=\" width:350px; height:275px; overflow:hidden; \"><img src=\"http:\/\/climeteo.es\/clim4327\/wp-content\/uploads\/2016\/07\/Energia-2-350x275.jpg\" class=\"ggImg\" alt=\"Energia 2\" title=\"Energia 2\" data-description=\"Energia 2\" data-caption=\"Eficiencia y asesoramiento para empresas energ\u00e9ticas y energ\u00edas renovables\" data-title=\"Energia 2\" style=\" width:350px; height:275px; \" \/><\/div><FIGCAPTION class=\"\" data-alpha=\"2\" style=\"color:#ffffff; background-color:#606060; font-size:18px; text-align:center; font-family:Default;\" ><div class=\"grid-gallery-figcaption-wrap\" style=\" vertical-align:middle; \"><div class=\"gg-image-caption fitvidsignore \" style=\"font-size:18px;\"><object type=\"none\/none\"> Eficiencia y asesoramiento para empresas energ\u00e9ticas y energ\u00edas renovables <\/object><\/div><\/div><\/FIGCAPTION><\/FIGURE><\/a> <a id=\"gg-2-34\" class=\"gg-link \" data-attachment-id=\"291\" href=\"http:\/\/climeteo.es\/clim4327\/index.php\/industrias-contaminantes\/\" target=\"_self\" title=\"dispersion contaminantes 2\" rel=\"\" data-type=\"link\" style=\"border-radius: 0px;\" ><FIGURE class=\"grid-gallery-caption \" data-grid-gallery-type=\"cover-fade\" data-index=\"1\" style=\"display:none;border-radius: 0px; ; margin: 30.3px; width:350px;\" ><div class=\"crop \" style=\" width:350px; height:275px; overflow:hidden; \"><img src=\"http:\/\/climeteo.es\/clim4327\/wp-content\/uploads\/2016\/07\/dispersion-contaminantes-2-350x275.jpg\" class=\"ggImg\" alt=\"dispersion contaminantes 2\" title=\"dispersion contaminantes 2\" data-description=\"dispersion contaminantes 2\" data-caption=\"Asesoramiento en calidad &lt;br&gt; del aire para n\u00facleos urbanos e industrias contaminantes\" data-title=\"dispersion contaminantes 2\" style=\" width:350px; height:275px; \" \/><\/div><FIGCAPTION class=\"\" data-alpha=\"2\" style=\"color:#ffffff; background-color:#606060; font-size:18px; text-align:center; font-family:Default;\" ><div class=\"grid-gallery-figcaption-wrap\" style=\" vertical-align:middle; \"><div class=\"gg-image-caption fitvidsignore \" style=\"font-size:18px;\"><object type=\"none\/none\"> Asesoramiento en calidad &lt;br&gt; del aire para n\u00facleos urbanos e industrias contaminantes <\/object><\/div><\/div><\/FIGCAPTION><\/FIGURE><\/a> <a id=\"gg-2-35\" class=\"gg-link \" data-attachment-id=\"193\" href=\"http:\/\/climeteo.es\/clim4327\/index.php\/eficacia-agraria\/\" target=\"_self\" title=\"agricultura\" rel=\"\" data-type=\"link\" style=\"border-radius: 0px;\" ><FIGURE class=\"grid-gallery-caption \" data-grid-gallery-type=\"cover-fade\" data-index=\"2\" style=\"display:none;border-radius: 0px; ; margin: 30.3px; width:350px;\" ><div class=\"crop \" style=\" width:350px; height:275px; overflow:hidden; \"><img src=\"http:\/\/climeteo.es\/clim4327\/wp-content\/uploads\/2016\/07\/agricultura-350x275.jpg\" class=\"ggImg\" alt=\"agricultura\" title=\"agricultura\" data-description=\"agricultura\" data-caption=\"Asesoramiento en eficiencia &lt;br&gt; agraria y para aseguradoras &lt;br&gt; agrarias\" data-title=\"agricultura\" style=\" width:350px; height:275px; \" \/><\/div><FIGCAPTION class=\"\" data-alpha=\"2\" style=\"color:#ffffff; background-color:#606060; font-size:18px; text-align:center; font-family:Default;\" ><div class=\"grid-gallery-figcaption-wrap\" style=\" vertical-align:middle; \"><div class=\"gg-image-caption fitvidsignore \" style=\"font-size:18px;\"><object type=\"none\/none\"> Asesoramiento en eficiencia &lt;br&gt; agraria y para aseguradoras &lt;br&gt; agrarias <\/object><\/div><\/div><\/FIGCAPTION><\/FIGURE><\/a> <a id=\"gg-2-36\" class=\"gg-link \" data-attachment-id=\"196\" href=\"http:\/\/climeteo.es\/clim4327\/index.php\/prevision-montana\/\" target=\"_self\" title=\"montana\" rel=\"\" data-type=\"link\" style=\"border-radius: 0px;\" ><FIGURE class=\"grid-gallery-caption \" data-grid-gallery-type=\"cover-fade\" data-index=\"3\" style=\"display:none;border-radius: 0px; ; margin: 30.3px; width:350px;\" ><div class=\"crop \" style=\" width:350px; height:275px; overflow:hidden; \"><img src=\"http:\/\/climeteo.es\/clim4327\/wp-content\/uploads\/2016\/07\/montana-350x275.jpg\" class=\"ggImg\" alt=\"montana\" title=\"montana\" data-description=\"montana\" data-caption=\"Previsi\u00f3n especializada para &lt;br&gt; media y alta monta\u00f1a\" data-title=\"montana\" style=\" width:350px; height:275px; \" \/><\/div><FIGCAPTION class=\"\" data-alpha=\"2\" style=\"color:#ffffff; background-color:#606060; font-size:18px; text-align:center; font-family:Default;\" ><div class=\"grid-gallery-figcaption-wrap\" style=\" vertical-align:middle; \"><div class=\"gg-image-caption fitvidsignore \" style=\"font-size:18px;\"><object type=\"none\/none\"> Previsi\u00f3n especializada para &lt;br&gt; media y alta monta\u00f1a <\/object><\/div><\/div><\/FIGCAPTION><\/FIGURE><\/a> <a id=\"gg-2-37\" class=\"gg-link \" data-attachment-id=\"197\" href=\"http:\/\/climeteo.es\/clim4327\/index.php\/vias-comunicacion\/\" target=\"_self\" title=\"via de comunicacion\" rel=\"\" data-type=\"link\" style=\"border-radius: 0px;\" ><FIGURE class=\"grid-gallery-caption \" data-grid-gallery-type=\"cover-fade\" data-index=\"4\" style=\"display:none;border-radius: 0px; ; margin: 30.3px; width:350px;\" ><div class=\"crop \" style=\" width:350px; height:275px; overflow:hidden; \"><img src=\"http:\/\/climeteo.es\/clim4327\/wp-content\/uploads\/2016\/07\/via-de-comunicacion-350x275.jpg\" class=\"ggImg\" alt=\"via de comunicacion\" title=\"via de comunicacion\" data-description=\"via de comunicacion\" data-caption=\"Preservaci\u00f3n de v\u00edas de &lt;br&gt; comunicaci\u00f3n\" data-title=\"via de comunicacion\" style=\" width:350px; height:275px; \" \/><\/div><FIGCAPTION class=\"\" data-alpha=\"2\" style=\"color:#ffffff; background-color:#606060; font-size:18px; text-align:center; font-family:Default;\" ><div class=\"grid-gallery-figcaption-wrap\" style=\" vertical-align:middle; \"><div class=\"gg-image-caption fitvidsignore \" style=\"font-size:18px;\"><object type=\"none\/none\"> Preservaci\u00f3n de v\u00edas de &lt;br&gt; comunicaci\u00f3n <\/object><\/div><\/div><\/FIGCAPTION><\/FIGURE><\/a> <a id=\"gg-2-38\" class=\"gg-link \" data-attachment-id=\"198\" href=\"http:\/\/climeteo.es\/clim4327\/index.php\/prevencion-incendios\/\" target=\"_self\" title=\"incendio\" rel=\"\" data-type=\"link\" style=\"border-radius: 0px;\" ><FIGURE class=\"grid-gallery-caption \" data-grid-gallery-type=\"cover-fade\" data-index=\"5\" style=\"display:none;border-radius: 0px; ; margin: 30.3px; width:350px;\" ><div class=\"crop \" style=\" width:350px; height:275px; overflow:hidden; \"><img src=\"http:\/\/climeteo.es\/clim4327\/wp-content\/uploads\/2016\/07\/incendio-350x275.jpg\" class=\"ggImg\" alt=\"incendio\" title=\"incendio\" data-description=\"incendio\" data-caption=\"Prevenci\u00f3n de incendios\" data-title=\"incendio\" style=\" width:350px; height:275px; \" \/><\/div><FIGCAPTION class=\"\" data-alpha=\"2\" style=\"color:#ffffff; background-color:#606060; font-size:18px; text-align:center; font-family:Default;\" ><div class=\"grid-gallery-figcaption-wrap\" style=\" vertical-align:middle; \"><div class=\"gg-image-caption fitvidsignore \" style=\"font-size:18px;\"><object type=\"none\/none\"> Prevenci\u00f3n de incendios <\/object><\/div><\/div><\/FIGCAPTION><\/FIGURE><\/a> <a id=\"gg-2-39\" class=\"gg-link \" data-attachment-id=\"199\" href=\"http:\/\/climeteo.es\/clim4327\/index.php\/cursos-formacion\/\" target=\"_self\" title=\"eventos deportivos 2\" rel=\"\" data-type=\"link\" style=\"border-radius: 0px;\" ><FIGURE class=\"grid-gallery-caption \" data-grid-gallery-type=\"cover-fade\" data-index=\"6\" style=\"display:none;border-radius: 0px; ; margin: 30.3px; width:350px;\" ><div class=\"crop \" style=\" width:350px; height:275px; overflow:hidden; \"><img src=\"http:\/\/climeteo.es\/clim4327\/wp-content\/uploads\/2016\/07\/eventos-deportivos-2-350x275.jpg\" class=\"ggImg\" alt=\"eventos deportivos 2\" title=\"eventos deportivos 2\" data-description=\"eventos deportivos 2\" data-caption=\"Cursos de formaci\u00f3n &lt;br&gt; meteorol\u00f3gica\" data-title=\"eventos deportivos 2\" style=\" width:350px; height:275px; \" \/><\/div><FIGCAPTION class=\"\" data-alpha=\"2\" style=\"color:#ffffff; background-color:#606060; font-size:18px; text-align:center; font-family:Default;\" ><div class=\"grid-gallery-figcaption-wrap\" style=\" vertical-align:middle; \"><div class=\"gg-image-caption fitvidsignore \" style=\"font-size:18px;\"><object type=\"none\/none\"> Cursos de formaci\u00f3n &lt;br&gt; meteorol\u00f3gica <\/object><\/div><\/div><\/FIGCAPTION><\/FIGURE><\/a> <a id=\"gg-2-40\" class=\"gg-link \" data-attachment-id=\"200\" href=\"http:\/\/climeteo.es\/clim4327\/index.php\/situaciones-extremas\/\" target=\"_self\" title=\"eventos extremos\" rel=\"\" data-type=\"link\" style=\"border-radius: 0px;\" ><FIGURE class=\"grid-gallery-caption \" data-grid-gallery-type=\"cover-fade\" data-index=\"7\" style=\"display:none;border-radius: 0px; ; margin: 30.3px; width:350px;\" ><div class=\"crop \" style=\" width:350px; height:275px; overflow:hidden; \"><img src=\"http:\/\/climeteo.es\/clim4327\/wp-content\/uploads\/2016\/07\/eventos-extremos-350x275.jpg\" class=\"ggImg\" alt=\"eventos extremos\" title=\"eventos extremos\" data-description=\"eventos extremos\" data-caption=\"An\u00e1lisis, previsi\u00f3n y seguimiento &lt;br&gt; de situaciones extremas\" data-title=\"eventos extremos\" style=\" width:350px; height:275px; \" \/><\/div><FIGCAPTION class=\"\" data-alpha=\"2\" style=\"color:#ffffff; background-color:#606060; font-size:18px; text-align:center; font-family:Default;\" ><div class=\"grid-gallery-figcaption-wrap\" style=\" vertical-align:middle; \"><div class=\"gg-image-caption fitvidsignore \" style=\"font-size:18px;\"><object type=\"none\/none\"> An\u00e1lisis, previsi\u00f3n y seguimiento &lt;br&gt; de situaciones extremas <\/object><\/div><\/div><\/FIGCAPTION><\/FIGURE><\/a> <a id=\"gg-2-41\" class=\"gg-link \" data-attachment-id=\"201\" href=\"http:\/\/climeteo.es\/clim4327\/index.php\/peritaje-tecnico\/\" target=\"_self\" title=\"peritaje\" rel=\"\" data-type=\"link\" style=\"border-radius: 0px;\" ><FIGURE class=\"grid-gallery-caption \" data-grid-gallery-type=\"cover-fade\" data-index=\"8\" style=\"display:none;border-radius: 0px; ; margin: 30.3px; width:350px;\" ><div class=\"crop \" style=\" width:350px; height:275px; overflow:hidden; \"><img src=\"http:\/\/climeteo.es\/clim4327\/wp-content\/uploads\/2016\/07\/peritaje-350x275.jpg\" class=\"ggImg\" alt=\"peritaje\" title=\"peritaje\" data-description=\"peritaje\" data-caption=\"Peritaje t\u00e9cnico meteorol\u00f3gico\" data-title=\"peritaje\" style=\" width:350px; height:275px; \" \/><\/div><FIGCAPTION class=\"\" data-alpha=\"2\" style=\"color:#ffffff; background-color:#606060; font-size:18px; text-align:center; font-family:Default;\" ><div class=\"grid-gallery-figcaption-wrap\" style=\" vertical-align:middle; \"><div class=\"gg-image-caption fitvidsignore \" style=\"font-size:18px;\"><object type=\"none\/none\"> Peritaje t\u00e9cnico meteorol\u00f3gico <\/object><\/div><\/div><\/FIGCAPTION><\/FIGURE><\/a> <a id=\"gg-2-42\" class=\"gg-link \" data-attachment-id=\"202\" href=\"http:\/\/climeteo.es\/clim4327\/index.php\/eventos-deportivos\/\" target=\"_self\" title=\"eventos deportivos 4\" rel=\"\" data-type=\"link\" style=\"border-radius: 0px;\" ><FIGURE class=\"grid-gallery-caption \" data-grid-gallery-type=\"cover-fade\" data-index=\"9\" style=\"display:none;border-radius: 0px; ; margin: 30.3px; width:350px;\" ><div class=\"crop \" style=\" width:350px; height:275px; overflow:hidden; \"><img src=\"http:\/\/climeteo.es\/clim4327\/wp-content\/uploads\/2016\/07\/eventos-deportivos-4-350x275.jpg\" class=\"ggImg\" alt=\"eventos deportivos 4\" title=\"eventos deportivos 4\" data-description=\"eventos deportivos 4\" data-caption=\"Previsi\u00f3n de eventos deportivos\" data-title=\"eventos deportivos 4\" style=\" width:350px; height:275px; \" \/><\/div><FIGCAPTION class=\"\" data-alpha=\"2\" style=\"color:#ffffff; background-color:#606060; font-size:18px; text-align:center; font-family:Default;\" ><div class=\"grid-gallery-figcaption-wrap\" style=\" vertical-align:middle; \"><div class=\"gg-image-caption fitvidsignore \" style=\"font-size:18px;\"><object type=\"none\/none\"> Previsi\u00f3n de eventos deportivos <\/object><\/div><\/div><\/FIGCAPTION><\/FIGURE><\/a> <a id=\"gg-2-43\" class=\"gg-link \" data-attachment-id=\"203\" href=\"http:\/\/climeteo.es\/clim4327\/index.php\/tiempo-libre\/\" target=\"_self\" title=\"ocio - camping\" rel=\"\" data-type=\"link\" style=\"border-radius: 0px;\" ><FIGURE class=\"grid-gallery-caption \" data-grid-gallery-type=\"cover-fade\" data-index=\"10\" style=\"display:none;border-radius: 0px; ; margin: 30.3px; width:350px;\" ><div class=\"crop \" style=\" width:350px; height:275px; overflow:hidden; \"><img src=\"http:\/\/climeteo.es\/clim4327\/wp-content\/uploads\/2016\/07\/ocio-camping-350x275.jpg\" class=\"ggImg\" alt=\"ocio - camping\" title=\"ocio - camping\" data-description=\"ocio - camping\" data-caption=\"Previsi\u00f3n para ocio, tiempo libre &lt;br&gt; y actividades culturales \" data-title=\"ocio - camping\" style=\" width:350px; height:275px; \" \/><\/div><FIGCAPTION class=\"\" data-alpha=\"2\" style=\"color:#ffffff; background-color:#606060; font-size:18px; text-align:center; font-family:Default;\" ><div class=\"grid-gallery-figcaption-wrap\" style=\" vertical-align:middle; \"><div class=\"gg-image-caption fitvidsignore \" style=\"font-size:18px;\"><object type=\"none\/none\"> Previsi\u00f3n para ocio, tiempo libre &lt;br&gt; y actividades culturales <\/object><\/div><\/div><\/FIGCAPTION><\/FIGURE><\/a> <div class=\"grid-gallery-clearfix\"><\/div> <\/div> <div class=\"gallery-sharing-bottom\"><\/div> <div class=\"grid-gallery-clearfix\"><\/div> <\/div> <!-- Gallery by Supsystic plugin 1.15.11 -->\n<\/div>\n<\/div><\/div><\/div><\/div><\/div>","protected":false},"excerpt":{"rendered":"<p>Eficiencia y asesoramiento para empresas energ\u00e9ticas y energ\u00edas renovables Asesoramiento en calidad &lt;br&gt; del aire para n\u00facleos urbanos e industrias contaminantes Asesoramiento en eficiencia &lt;br&gt; agraria y para aseguradoras &lt;br&gt; agrarias Previsi\u00f3n especializada para &lt;br&gt; media y alta monta\u00f1a Preservaci\u00f3n de v\u00edas de &lt;br&gt; comunicaci\u00f3n Prevenci\u00f3n de incendios Cursos de formaci\u00f3n &lt;br&gt; meteorol\u00f3gica An\u00e1lisis, previsi\u00f3n &hellip; <a href=\"http:\/\/climeteo.es\/clim4327\/index.php\/servicios\/\" title=\"SERVICIOS\" class=\"read-more\">Read More<\/a><\/p>\n","protected":false},"author":1,"featured_media":0,"parent":0,"menu_order":0,"comment_status":"closed","ping_status":"closed","template":"","meta":[],"_links":{"self":[{"href":"http:\/\/climeteo.es\/clim4327\/index.php\/wp-json\/wp\/v2\/pages\/328"}],"collection":[{"href":"http:\/\/climeteo.es\/clim4327\/index.php\/wp-json\/wp\/v2\/pages"}],"about":[{"href":"http:\/\/climeteo.es\/clim4327\/index.php\/wp-json\/wp\/v2\/types\/page"}],"author":[{"embeddable":true,"href":"http:\/\/climeteo.es\/clim4327\/index.php\/wp-json\/wp\/v2\/users\/1"}],"replies":[{"embeddable":true,"href":"http:\/\/climeteo.es\/clim4327\/index.php\/wp-json\/wp\/v2\/comments?post=328"}],"version-history":[{"count":8,"href":"http:\/\/climeteo.es\/clim4327\/index.php\/wp-json\/wp\/v2\/pages\/328\/revisions"}],"predecessor-version":[{"id":363,"href":"http:\/\/climeteo.es\/clim4327\/index.php\/wp-json\/wp\/v2\/pages\/328\/revisions\/363"}],"wp:attachment":[{"href":"http:\/\/climeteo.es\/clim4327\/index.php\/wp-json\/wp\/v2\/media?parent=328"}],"curies":[{"name":"wp","href":"https:\/\/api.w.org\/{rel}","templated":true}]}}